{"id":221,"date":"2022-11-16T17:53:34","date_gmt":"2022-11-16T16:53:34","guid":{"rendered":"https:\/\/www.stephanie-arnoult.fr\/?page_id=221"},"modified":"2023-01-03T16:29:39","modified_gmt":"2023-01-03T15:29:39","slug":"psychologie","status":"publish","type":"page","link":"https:\/\/www.stephanie-arnoult.fr\/index.php\/psychologie\/","title":{"rendered":"Psychologie"},"content":{"rendered":"<p>[et_pb_section fb_built=\u00a0\u00bb1&Prime; _builder_version=\u00a0\u00bb4.19.0&Prime; _module_preset=\u00a0\u00bbdefault\u00a0\u00bb background_color=\u00a0\u00bbRGBA(255,255,255,0)\u00a0\u00bb background_image=\u00a0\u00bbhttp:\/\/www.stephanie-arnoult.fr\/wp-content\/uploads\/2022\/11\/Animated-Shape-2.svg\u00a0\u00bb background_position=\u00a0\u00bbtop_center\u00a0\u00bb custom_padding=\u00a0\u00bb30px||30px||false|false\u00a0\u00bb da_disable_devices=\u00a0\u00bboff|off|off\u00a0\u00bb global_colors_info=\u00a0\u00bb{}\u00a0\u00bb da_is_popup=\u00a0\u00bboff\u00a0\u00bb da_exit_intent=\u00a0\u00bboff\u00a0\u00bb da_has_close=\u00a0\u00bbon\u00a0\u00bb da_alt_close=\u00a0\u00bboff\u00a0\u00bb da_dark_close=\u00a0\u00bboff\u00a0\u00bb da_not_modal=\u00a0\u00bbon\u00a0\u00bb da_is_singular=\u00a0\u00bboff\u00a0\u00bb da_with_loader=\u00a0\u00bboff\u00a0\u00bb da_has_shadow=\u00a0\u00bbon\u00a0\u00bb][et_pb_row column_structure=\u00a0\u00bb2_5,3_5&Prime; make_equal=\u00a0\u00bbon\u00a0\u00bb _builder_version=\u00a0\u00bb4.19.0&Prime; _module_preset=\u00a0\u00bbdefault\u00a0\u00bb max_width=\u00a0\u00bb1920px\u00a0\u00bb custom_padding=\u00a0\u00bb0px||0px||false|false\u00a0\u00bb custom_css_main_element=\u00a0\u00bbalign-items:center;\u00a0\u00bb global_colors_info=\u00a0\u00bb{}\u00a0\u00bb][et_pb_column type=\u00a0\u00bb2_5&Prime; _builder_version=\u00a0\u00bb4.19.0&Prime; _module_preset=\u00a0\u00bbdefault\u00a0\u00bb global_colors_info=\u00a0\u00bb{}\u00a0\u00bb][et_pb_text _builder_version=\u00a0\u00bb4.19.0&Prime; _module_preset=\u00a0\u00bbdefault\u00a0\u00bb text_orientation=\u00a0\u00bbright\u00a0\u00bb text_orientation_tablet=\u00a0\u00bbleft\u00a0\u00bb text_orientation_phone=\u00a0\u00bbleft\u00a0\u00bb text_orientation_last_edited=\u00a0\u00bbon|tablet\u00a0\u00bb global_colors_info=\u00a0\u00bb{}\u00a0\u00bb]<\/p>\n<h2>Mon approche Psychologique<\/h2>\n<p><span style=\"font-weight: 400;\"><\/span><\/p>\n<p><span style=\"font-weight: 400;\">Je veille \u00e0 ce que nous soyons dans <span style=\"color: #9d4e3d;\"><strong>une relation de belle qualit\u00e9<\/strong><\/span> afin d\u2019\u00e9tablir une alliance de travail efficiente, confidentielle et agr\u00e9able. Les \u00e9changes sont fluides et s\u2019apparentent \u00e0 une discussion. J\u2019ai une \u00e9coute bienveillante et je suis heureuse de vous rencontrer et que vous me fassiez confiance pour vous accompagner \u00e0 \u00eatre la meilleure version de vous-m\u00eame. Lors de nos \u00e9changes, il est possible de rire, d&rsquo;\u00eatre \u00e9mu voire en col\u00e8re. L&rsquo;objectif est de prendre conscience et d&rsquo;aller plus loin ensemble et avec nos \u00e9motions.<\/span><\/p>\n<p>[\/et_pb_text][\/et_pb_column][et_pb_column type=\u00a0\u00bb3_5&Prime; _builder_version=\u00a0\u00bb4.19.0&Prime; _module_preset=\u00a0\u00bbdefault\u00a0\u00bb global_colors_info=\u00a0\u00bb{}\u00a0\u00bb][et_pb_image src=\u00a0\u00bbhttp:\/\/www.stephanie-arnoult.fr\/wp-content\/uploads\/2022\/11\/Illustration-approche-psychotherapie.png\u00a0\u00bb title_text=\u00a0\u00bbIllustration approche psychoth\u00e9rapie\u00a0\u00bb _builder_version=\u00a0\u00bb4.19.0&Prime; _module_preset=\u00a0\u00bbdefault\u00a0\u00bb global_colors_info=\u00a0\u00bb{}\u00a0\u00bb][\/et_pb_image][\/et_pb_column][\/et_pb_row][\/et_pb_section][et_pb_section fb_built=\u00a0\u00bb1&Prime; _builder_version=\u00a0\u00bb4.19.0&Prime; _module_preset=\u00a0\u00bbdefault\u00a0\u00bb scroll_vertical_motion_enable=\u00a0\u00bbon\u00a0\u00bb scroll_vertical_motion=\u00a0\u00bb0|50|50|100|0.2|0|-0.2&Prime; motion_trigger_start=\u00a0\u00bbtop\u00a0\u00bb da_disable_devices=\u00a0\u00bboff|off|off\u00a0\u00bb global_colors_info=\u00a0\u00bb{}\u00a0\u00bb da_is_popup=\u00a0\u00bboff\u00a0\u00bb da_exit_intent=\u00a0\u00bboff\u00a0\u00bb da_has_close=\u00a0\u00bbon\u00a0\u00bb da_alt_close=\u00a0\u00bboff\u00a0\u00bb da_dark_close=\u00a0\u00bboff\u00a0\u00bb da_not_modal=\u00a0\u00bbon\u00a0\u00bb da_is_singular=\u00a0\u00bboff\u00a0\u00bb da_with_loader=\u00a0\u00bboff\u00a0\u00bb da_has_shadow=\u00a0\u00bbon\u00a0\u00bb][et_pb_row _builder_version=\u00a0\u00bb4.19.0&Prime; _module_preset=\u00a0\u00bbdefault\u00a0\u00bb custom_css_before=\u00a0\u00bbcontent: %22\u201c%22; ||font-family:cursive;||font-size:10rem;||color:#9d4e3d;||position:absolute;\u00a0\u00bb global_colors_info=\u00a0\u00bb{}\u00a0\u00bb][et_pb_column type=\u00a0\u00bb4_4&Prime; _builder_version=\u00a0\u00bb4.19.0&Prime; _module_preset=\u00a0\u00bbdefault\u00a0\u00bb global_colors_info=\u00a0\u00bb{}\u00a0\u00bb][et_pb_text _builder_version=\u00a0\u00bb4.19.0&Prime; _module_preset=\u00a0\u00bbdefault\u00a0\u00bb global_colors_info=\u00a0\u00bb{}\u00a0\u00bb]<\/p>\n<h3 style=\"text-align: center;\"><em><span style=\"font-weight: 400;\">Le curieux paradoxe, c\u2019est que quand je m\u2019accepte tel que je suis, je peux changer<\/span><\/em><\/h3>\n<h3 style=\"text-align: center;\">CARL ROGERS<\/h3>\n<p>[\/et_pb_text][\/et_pb_column][\/et_pb_row][\/et_pb_section][et_pb_section fb_built=\u00a0\u00bb1&Prime; _builder_version=\u00a0\u00bb4.19.0&Prime; _module_preset=\u00a0\u00bbdefault\u00a0\u00bb background_color=\u00a0\u00bbRGBA(255,255,255,0)\u00a0\u00bb background_image=\u00a0\u00bbhttp:\/\/www.stephanie-arnoult.fr\/wp-content\/uploads\/2022\/11\/Animated-Shape-7.svg\u00a0\u00bb custom_padding=\u00a0\u00bb30px||30px||false|false\u00a0\u00bb da_disable_devices=\u00a0\u00bboff|off|off\u00a0\u00bb global_colors_info=\u00a0\u00bb{}\u00a0\u00bb da_is_popup=\u00a0\u00bboff\u00a0\u00bb da_exit_intent=\u00a0\u00bboff\u00a0\u00bb da_has_close=\u00a0\u00bbon\u00a0\u00bb da_alt_close=\u00a0\u00bboff\u00a0\u00bb da_dark_close=\u00a0\u00bboff\u00a0\u00bb da_not_modal=\u00a0\u00bbon\u00a0\u00bb da_is_singular=\u00a0\u00bboff\u00a0\u00bb da_with_loader=\u00a0\u00bboff\u00a0\u00bb da_has_shadow=\u00a0\u00bbon\u00a0\u00bb][et_pb_row _builder_version=\u00a0\u00bb4.19.0&Prime; _module_preset=\u00a0\u00bbdefault\u00a0\u00bb custom_padding=\u00a0\u00bb0px||0px||false|false\u00a0\u00bb global_colors_info=\u00a0\u00bb{}\u00a0\u00bb][et_pb_column type=\u00a0\u00bb4_4&Prime; _builder_version=\u00a0\u00bb4.19.0&Prime; _module_preset=\u00a0\u00bbdefault\u00a0\u00bb global_colors_info=\u00a0\u00bb{}\u00a0\u00bb][et_pb_text _builder_version=\u00a0\u00bb4.19.0&Prime; _module_preset=\u00a0\u00bbdefault\u00a0\u00bb global_colors_info=\u00a0\u00bb{}\u00a0\u00bb]<\/p>\n<p><span style=\"font-weight: 400;\">J\u2019introduis diff\u00e9rents questionnements afin de pouvoir d\u00e9m\u00ealer la probl\u00e9matique, prendre de la hauteur et faire \u00e9merger l\u2019essentiel qui va vous permettre de vous inscrire dans un processus de changement en accord avec vos objectifs et d\u00e9sirs. Nous pouvons aborder des probl\u00e9matiques autant professionnelles que personnelles sur l\u2019ensemble de vos sph\u00e8res de vie. Il m\u2019est possible d\u2019utiliser des techniques plus en lien avec <span style=\"color: #9d4e3d;\"><strong>l\u2019analytique<\/strong><\/span> ou des approches plus <span style=\"color: #9d4e3d;\"><strong>comportementalistes<\/strong><\/span>, les techniques utilis\u00e9es seront dans tous les cas ajust\u00e9es au regard de vos besoins et de vos attentes. Il m\u2019arrive souvent de r\u00e9capituler, donner le sens et le pourquoi des diff\u00e9rentes questions que je me permets de vous poser.<\/span><\/p>\n<p><span style=\"font-weight: 400;\">Il est certain que nous travaillons de mani\u00e8re globale, holistique car nous sommes <span style=\"color: #9d4e3d;\"><strong>\u00ab t\u00eate, c\u0153ur, corps \u00bb<\/strong><\/span>. Je vous accompagne pour vous permettre d\u2019\u00eatre pro-actif, de prendre conscience des outils que vous avez entre les mains pour faire \u00e9merger l\u2019ensemble de votre potentiel.<br \/><span style=\"color: #9d4e3d;\"><strong>Nous avons chacun un potentiel et une puissance insoup\u00e7onn\u00e9e.<\/strong><\/span><\/span><\/p>\n<p>[\/et_pb_text][\/et_pb_column][\/et_pb_row][et_pb_row _builder_version=\u00a0\u00bb4.19.0&Prime; _module_preset=\u00a0\u00bbdefault\u00a0\u00bb max_width=\u00a0\u00bb1920px\u00a0\u00bb global_colors_info=\u00a0\u00bb{}\u00a0\u00bb][et_pb_column type=\u00a0\u00bb4_4&Prime; _builder_version=\u00a0\u00bb4.19.0&Prime; _module_preset=\u00a0\u00bbdefault\u00a0\u00bb global_colors_info=\u00a0\u00bb{}\u00a0\u00bb][et_pb_image src=\u00a0\u00bbhttp:\/\/www.stephanie-arnoult.fr\/wp-content\/uploads\/2022\/11\/Illustration-approche-psychotherapie-2.png\u00a0\u00bb title_text=\u00a0\u00bbIllustration approche psychoth\u00e9rapie 2&Prime; align=\u00a0\u00bbcenter\u00a0\u00bb _builder_version=\u00a0\u00bb4.19.0&Prime; _module_preset=\u00a0\u00bbdefault\u00a0\u00bb animation_style=\u00a0\u00bbfade\u00a0\u00bb animation_duration=\u00a0\u00bb250ms\u00a0\u00bb animation_starting_opacity=\u00a0\u00bb38%\u00a0\u00bb global_colors_info=\u00a0\u00bb{}\u00a0\u00bb][\/et_pb_image][\/et_pb_column][\/et_pb_row][et_pb_row _builder_version=\u00a0\u00bb4.19.0&Prime; _module_preset=\u00a0\u00bbdefault\u00a0\u00bb custom_padding=\u00a0\u00bb0px||0px||false|false\u00a0\u00bb global_colors_info=\u00a0\u00bb{}\u00a0\u00bb][et_pb_column type=\u00a0\u00bb4_4&Prime; _builder_version=\u00a0\u00bb4.19.0&Prime; _module_preset=\u00a0\u00bbdefault\u00a0\u00bb global_colors_info=\u00a0\u00bb{}\u00a0\u00bb][et_pb_text _builder_version=\u00a0\u00bb4.19.0&Prime; _module_preset=\u00a0\u00bbdefault\u00a0\u00bb hover_enabled=\u00a0\u00bb0&Prime; global_colors_info=\u00a0\u00bb{}\u00a0\u00bb sticky_enabled=\u00a0\u00bb0&Prime;]<\/p>\n<p><span style=\"font-weight: 400;\">J\u2019accompagne les personnes \u00e0 partir de 16 ans et ma patiente la plus senior \u00e0 81 ans. La majorit\u00e9 de ma patient\u00e8le a entre 21 ans et 55 ans.<\/span><\/p>\n<p><span style=\"font-weight: 400;\">Une s\u00e9ance dure 1 heure, je vous accueille et nous \u00e9changeons sur les sujets qui vous questionnent pour comprendre, analyser le contexte, prendre de la hauteur et ensuite le cas \u00e9ch\u00e9ant identifier ensemble des plans d\u2019actions. <span style=\"color: #9d4e3d;\"><strong>Nous travaillons toujours en concertation.<\/strong><\/span> Je vous accompagne sur la m\u00e9thode et vous avez tout le v\u00e9cu. Ensemble on co-construit, on r\u00e9capitule pour mieux s\u2019inscrire dans le changement par exemple.<\/span><\/p>\n<p><span style=\"font-weight: 400;\">L\u2019approche psychologique nous permet de prendre conscience, prendre de la hauteur autant sur notre v\u00e9cu, celui de notre famille et sur les \u00e9v\u00e8nements que nous vivons au quotidien et surtout de quelle mani\u00e8re nous les vivons. Cette approche touche toutes nos sph\u00e8res.\u00a0<\/span><\/p>\n<p>[\/et_pb_text][et_pb_text _builder_version=\u00a0\u00bb4.19.0&Prime; _module_preset=\u00a0\u00bbdefault\u00a0\u00bb hover_enabled=\u00a0\u00bb0&Prime; sticky_enabled=\u00a0\u00bb0&Prime;]<\/p>\n<p><span class=\"item\">Burn-out<\/span> <span class=\"item\">\u00c9tat d\u00e9pressif<\/span> <span class=\"item\">Trouble anxieux<\/span> <span class=\"item\">TOC<\/span> <span class=\"item\">Mieux se comprendre<\/span> <span class=\"item\">Phases anxieuses<\/span> <span class=\"item\">Comportement col\u00e9riques<\/span>\u00a0<span class=\"item\">Procrastination<\/span> <span class=\"item\">Manque de confiance en soi<\/span> <span class=\"item\">S\u00e9paration<\/span>\u00a0<span class=\"item\">Situations conflictuelles<\/span> <span class=\"item\">Le d\u00e9sir de s&rsquo;affirmer<\/span> <span class=\"item\">Impression de rejet familial<\/span> <span class=\"item\">Deuil<\/span> <span class=\"item\">Maladie d&rsquo;un proche<\/span> <span class=\"item\">Face \u00e0 la maladie<\/span> <span class=\"item\">M\u00e8re\/professionnelle\/amoureuse comment manager toutes ces sph\u00e8res de bonheur<\/span><\/p>\n<p>[\/et_pb_text][\/et_pb_column][\/et_pb_row][\/et_pb_section]<\/p>\n","protected":false},"excerpt":{"rendered":"<p>Mon approche Psychologique Je veille \u00e0 ce que nous soyons dans une relation de belle qualit\u00e9 afin d\u2019\u00e9tablir une alliance de travail efficiente, confidentielle et agr\u00e9able. Les \u00e9changes sont fluides et s\u2019apparentent \u00e0 une discussion. J\u2019ai une \u00e9coute bienveillante et je suis heureuse de vous rencontrer et que vous me fassiez confiance pour vous accompagner [&hellip;]<\/p>\n","protected":false},"author":2,"featured_media":0,"parent":0,"menu_order":0,"comment_status":"closed","ping_status":"closed","template":"","meta":{"_et_pb_use_builder":"on","_et_pb_old_content":"","_et_gb_content_width":"","inline_featured_image":false,"footnotes":""},"class_list":["post-221","page","type-page","status-publish","hentry"],"yoast_head":"<!-- This site is optimized with the Yoast SEO plugin v27.3 - https:\/\/yoast.com\/product\/yoast-seo-wordpress\/ -->\n<title>Psychologie - St\u00e9phanie Arnoult<\/title>\n<meta name=\"robots\" content=\"index, follow, max-snippet:-1, max-image-preview:large, max-video-preview:-1\" \/>\n<link rel=\"canonical\" href=\"https:\/\/www.stephanie-arnoult.fr\/index.php\/psychologie\/\" \/>\n<meta property=\"og:locale\" content=\"fr_FR\" \/>\n<meta property=\"og:type\" content=\"article\" \/>\n<meta property=\"og:title\" content=\"Psychologie - St\u00e9phanie Arnoult\" \/>\n<meta property=\"og:description\" content=\"Mon approche Psychologique Je veille \u00e0 ce que nous soyons dans une relation de belle qualit\u00e9 afin d\u2019\u00e9tablir une alliance de travail efficiente, confidentielle et agr\u00e9able. Les \u00e9changes sont fluides et s\u2019apparentent \u00e0 une discussion. J\u2019ai une \u00e9coute bienveillante et je suis heureuse de vous rencontrer et que vous me fassiez confiance pour vous accompagner [&hellip;]\" \/>\n<meta property=\"og:url\" content=\"https:\/\/www.stephanie-arnoult.fr\/index.php\/psychologie\/\" \/>\n<meta property=\"og:site_name\" content=\"St\u00e9phanie Arnoult\" \/>\n<meta property=\"article:modified_time\" content=\"2023-01-03T15:29:39+00:00\" \/>\n<meta name=\"twitter:card\" content=\"summary_large_image\" \/>\n<meta name=\"twitter:label1\" content=\"Dur\u00e9e de lecture estim\u00e9e\" \/>\n\t<meta name=\"twitter:data1\" content=\"5 minutes\" \/>\n<script type=\"application\/ld+json\" class=\"yoast-schema-graph\">{\"@context\":\"https:\\\/\\\/schema.org\",\"@graph\":[{\"@type\":\"WebPage\",\"@id\":\"https:\\\/\\\/www.stephanie-arnoult.fr\\\/index.php\\\/psychologie\\\/\",\"url\":\"https:\\\/\\\/www.stephanie-arnoult.fr\\\/index.php\\\/psychologie\\\/\",\"name\":\"Psychologie - St\u00e9phanie Arnoult\",\"isPartOf\":{\"@id\":\"https:\\\/\\\/www.stephanie-arnoult.fr\\\/#website\"},\"datePublished\":\"2022-11-16T16:53:34+00:00\",\"dateModified\":\"2023-01-03T15:29:39+00:00\",\"breadcrumb\":{\"@id\":\"https:\\\/\\\/www.stephanie-arnoult.fr\\\/index.php\\\/psychologie\\\/#breadcrumb\"},\"inLanguage\":\"fr-FR\",\"potentialAction\":[{\"@type\":\"ReadAction\",\"target\":[\"https:\\\/\\\/www.stephanie-arnoult.fr\\\/index.php\\\/psychologie\\\/\"]}]},{\"@type\":\"BreadcrumbList\",\"@id\":\"https:\\\/\\\/www.stephanie-arnoult.fr\\\/index.php\\\/psychologie\\\/#breadcrumb\",\"itemListElement\":[{\"@type\":\"ListItem\",\"position\":1,\"name\":\"Accueil\",\"item\":\"https:\\\/\\\/www.stephanie-arnoult.fr\\\/\"},{\"@type\":\"ListItem\",\"position\":2,\"name\":\"Psychologie\"}]},{\"@type\":\"WebSite\",\"@id\":\"https:\\\/\\\/www.stephanie-arnoult.fr\\\/#website\",\"url\":\"https:\\\/\\\/www.stephanie-arnoult.fr\\\/\",\"name\":\"St\u00e9phanie Arnoult\",\"description\":\"Psychologue - Hypnoth\u00e9rapeute - Sexoth\u00e9rapeute\",\"publisher\":{\"@id\":\"https:\\\/\\\/www.stephanie-arnoult.fr\\\/#organization\"},\"potentialAction\":[{\"@type\":\"SearchAction\",\"target\":{\"@type\":\"EntryPoint\",\"urlTemplate\":\"https:\\\/\\\/www.stephanie-arnoult.fr\\\/?s={search_term_string}\"},\"query-input\":{\"@type\":\"PropertyValueSpecification\",\"valueRequired\":true,\"valueName\":\"search_term_string\"}}],\"inLanguage\":\"fr-FR\"},{\"@type\":\"Organization\",\"@id\":\"https:\\\/\\\/www.stephanie-arnoult.fr\\\/#organization\",\"name\":\"St\u00e9phanie Arnoult\",\"url\":\"https:\\\/\\\/www.stephanie-arnoult.fr\\\/\",\"logo\":{\"@type\":\"ImageObject\",\"inLanguage\":\"fr-FR\",\"@id\":\"https:\\\/\\\/www.stephanie-arnoult.fr\\\/#\\\/schema\\\/logo\\\/image\\\/\",\"url\":\"http:\\\/\\\/www.stephanie-arnoult.fr\\\/wp-content\\\/uploads\\\/2022\\\/11\\\/Logo_Stephanie_Arnoult.png\",\"contentUrl\":\"http:\\\/\\\/www.stephanie-arnoult.fr\\\/wp-content\\\/uploads\\\/2022\\\/11\\\/Logo_Stephanie_Arnoult.png\",\"width\":1634,\"height\":391,\"caption\":\"St\u00e9phanie Arnoult\"},\"image\":{\"@id\":\"https:\\\/\\\/www.stephanie-arnoult.fr\\\/#\\\/schema\\\/logo\\\/image\\\/\"}}]}<\/script>\n<!-- \/ Yoast SEO plugin. -->","yoast_head_json":{"title":"Psychologie - St\u00e9phanie Arnoult","robots":{"index":"index","follow":"follow","max-snippet":"max-snippet:-1","max-image-preview":"max-image-preview:large","max-video-preview":"max-video-preview:-1"},"canonical":"https:\/\/www.stephanie-arnoult.fr\/index.php\/psychologie\/","og_locale":"fr_FR","og_type":"article","og_title":"Psychologie - St\u00e9phanie Arnoult","og_description":"Mon approche Psychologique Je veille \u00e0 ce que nous soyons dans une relation de belle qualit\u00e9 afin d\u2019\u00e9tablir une alliance de travail efficiente, confidentielle et agr\u00e9able. Les \u00e9changes sont fluides et s\u2019apparentent \u00e0 une discussion. J\u2019ai une \u00e9coute bienveillante et je suis heureuse de vous rencontrer et que vous me fassiez confiance pour vous accompagner [&hellip;]","og_url":"https:\/\/www.stephanie-arnoult.fr\/index.php\/psychologie\/","og_site_name":"St\u00e9phanie Arnoult","article_modified_time":"2023-01-03T15:29:39+00:00","twitter_card":"summary_large_image","twitter_misc":{"Dur\u00e9e de lecture estim\u00e9e":"5 minutes"},"schema":{"@context":"https:\/\/schema.org","@graph":[{"@type":"WebPage","@id":"https:\/\/www.stephanie-arnoult.fr\/index.php\/psychologie\/","url":"https:\/\/www.stephanie-arnoult.fr\/index.php\/psychologie\/","name":"Psychologie - St\u00e9phanie Arnoult","isPartOf":{"@id":"https:\/\/www.stephanie-arnoult.fr\/#website"},"datePublished":"2022-11-16T16:53:34+00:00","dateModified":"2023-01-03T15:29:39+00:00","breadcrumb":{"@id":"https:\/\/www.stephanie-arnoult.fr\/index.php\/psychologie\/#breadcrumb"},"inLanguage":"fr-FR","potentialAction":[{"@type":"ReadAction","target":["https:\/\/www.stephanie-arnoult.fr\/index.php\/psychologie\/"]}]},{"@type":"BreadcrumbList","@id":"https:\/\/www.stephanie-arnoult.fr\/index.php\/psychologie\/#breadcrumb","itemListElement":[{"@type":"ListItem","position":1,"name":"Accueil","item":"https:\/\/www.stephanie-arnoult.fr\/"},{"@type":"ListItem","position":2,"name":"Psychologie"}]},{"@type":"WebSite","@id":"https:\/\/www.stephanie-arnoult.fr\/#website","url":"https:\/\/www.stephanie-arnoult.fr\/","name":"St\u00e9phanie Arnoult","description":"Psychologue - Hypnoth\u00e9rapeute - Sexoth\u00e9rapeute","publisher":{"@id":"https:\/\/www.stephanie-arnoult.fr\/#organization"},"potentialAction":[{"@type":"SearchAction","target":{"@type":"EntryPoint","urlTemplate":"https:\/\/www.stephanie-arnoult.fr\/?s={search_term_string}"},"query-input":{"@type":"PropertyValueSpecification","valueRequired":true,"valueName":"search_term_string"}}],"inLanguage":"fr-FR"},{"@type":"Organization","@id":"https:\/\/www.stephanie-arnoult.fr\/#organization","name":"St\u00e9phanie Arnoult","url":"https:\/\/www.stephanie-arnoult.fr\/","logo":{"@type":"ImageObject","inLanguage":"fr-FR","@id":"https:\/\/www.stephanie-arnoult.fr\/#\/schema\/logo\/image\/","url":"http:\/\/www.stephanie-arnoult.fr\/wp-content\/uploads\/2022\/11\/Logo_Stephanie_Arnoult.png","contentUrl":"http:\/\/www.stephanie-arnoult.fr\/wp-content\/uploads\/2022\/11\/Logo_Stephanie_Arnoult.png","width":1634,"height":391,"caption":"St\u00e9phanie Arnoult"},"image":{"@id":"https:\/\/www.stephanie-arnoult.fr\/#\/schema\/logo\/image\/"}}]}},"_links":{"self":[{"href":"https:\/\/www.stephanie-arnoult.fr\/index.php\/wp-json\/wp\/v2\/pages\/221","targetHints":{"allow":["GET"]}}],"collection":[{"href":"https:\/\/www.stephanie-arnoult.fr\/index.php\/wp-json\/wp\/v2\/pages"}],"about":[{"href":"https:\/\/www.stephanie-arnoult.fr\/index.php\/wp-json\/wp\/v2\/types\/page"}],"author":[{"embeddable":true,"href":"https:\/\/www.stephanie-arnoult.fr\/index.php\/wp-json\/wp\/v2\/users\/2"}],"replies":[{"embeddable":true,"href":"https:\/\/www.stephanie-arnoult.fr\/index.php\/wp-json\/wp\/v2\/comments?post=221"}],"version-history":[{"count":25,"href":"https:\/\/www.stephanie-arnoult.fr\/index.php\/wp-json\/wp\/v2\/pages\/221\/revisions"}],"predecessor-version":[{"id":432,"href":"https:\/\/www.stephanie-arnoult.fr\/index.php\/wp-json\/wp\/v2\/pages\/221\/revisions\/432"}],"wp:attachment":[{"href":"https:\/\/www.stephanie-arnoult.fr\/index.php\/wp-json\/wp\/v2\/media?parent=221"}],"curies":[{"name":"wp","href":"https:\/\/api.w.org\/{rel}","templated":true}]}}