{"id":345,"date":"2022-12-05T18:19:33","date_gmt":"2022-12-05T17:19:33","guid":{"rendered":"https:\/\/www.stephanie-arnoult.fr\/?page_id=345"},"modified":"2023-01-03T16:48:10","modified_gmt":"2023-01-03T15:48:10","slug":"hypnotherapie","status":"publish","type":"page","link":"https:\/\/www.stephanie-arnoult.fr\/index.php\/hypnotherapie\/","title":{"rendered":"Hypnoth\u00e9rapie"},"content":{"rendered":"<p>[et_pb_section fb_built=\u00a0\u00bb1&Prime; _builder_version=\u00a0\u00bb4.19.0&Prime; _module_preset=\u00a0\u00bbdefault\u00a0\u00bb background_color=\u00a0\u00bbRGBA(255,255,255,0)\u00a0\u00bb background_image=\u00a0\u00bbhttp:\/\/www.stephanie-arnoult.fr\/wp-content\/uploads\/2022\/11\/Animated-Shape-2.svg\u00a0\u00bb background_position=\u00a0\u00bbtop_center\u00a0\u00bb da_disable_devices=\u00a0\u00bboff|off|off\u00a0\u00bb global_colors_info=\u00a0\u00bb{}\u00a0\u00bb custom_padding=\u00a0\u00bb30px||29px|||\u00a0\u00bb da_is_popup=\u00a0\u00bboff\u00a0\u00bb da_exit_intent=\u00a0\u00bboff\u00a0\u00bb da_has_close=\u00a0\u00bbon\u00a0\u00bb da_alt_close=\u00a0\u00bboff\u00a0\u00bb da_dark_close=\u00a0\u00bboff\u00a0\u00bb da_not_modal=\u00a0\u00bbon\u00a0\u00bb da_is_singular=\u00a0\u00bboff\u00a0\u00bb da_with_loader=\u00a0\u00bboff\u00a0\u00bb da_has_shadow=\u00a0\u00bbon\u00a0\u00bb][et_pb_row column_structure=\u00a0\u00bb2_5,3_5&Prime; make_equal=\u00a0\u00bbon\u00a0\u00bb _builder_version=\u00a0\u00bb4.19.0&Prime; _module_preset=\u00a0\u00bbdefault\u00a0\u00bb max_width=\u00a0\u00bb1920px\u00a0\u00bb custom_css_main_element=\u00a0\u00bbalign-items:center;\u00a0\u00bb global_colors_info=\u00a0\u00bb{}\u00a0\u00bb custom_padding=\u00a0\u00bb3px||0px|||\u00a0\u00bb][et_pb_column type=\u00a0\u00bb2_5&Prime; _builder_version=\u00a0\u00bb4.19.0&Prime; _module_preset=\u00a0\u00bbdefault\u00a0\u00bb global_colors_info=\u00a0\u00bb{}\u00a0\u00bb][et_pb_text _builder_version=\u00a0\u00bb4.19.0&Prime; _module_preset=\u00a0\u00bbdefault\u00a0\u00bb text_orientation=\u00a0\u00bbright\u00a0\u00bb text_orientation_tablet=\u00a0\u00bbleft\u00a0\u00bb text_orientation_phone=\u00a0\u00bbleft\u00a0\u00bb text_orientation_last_edited=\u00a0\u00bbon|tablet\u00a0\u00bb global_colors_info=\u00a0\u00bb{}\u00a0\u00bb]<\/p>\n<h2>L&rsquo;hypnose dite \u00ab\u00a0Eriksonnienne\u00a0\u00bb, l&rsquo;hypnose m\u00e9dicale, l&rsquo;hypnose th\u00e9rapeutique<\/h2>\n<p><span style=\"font-weight: 400;\"><\/span><\/p>\n<p><span style=\"font-weight: 400;\"><span style=\"color: #9d4e3d;\"><strong>Vous \u00eates l\u2019acteur de votre gu\u00e9rison, de votre mieux \u00eatre, de votre changement.<\/strong><\/span><br \/><\/span><\/p>\n<p><span style=\"font-weight: 400;\">L\u2019hypnose m\u00e9dicale n\u2019a rien \u00e0 voir avec l\u2019hypnose de spectacle que l\u2019on peut d\u00e9couvrir \u00e0 la t\u00e9l\u00e9vision. Dans le cadre de l\u2019hypnose m\u00e9dicale, l\u2019hypnoth\u00e9rapeute et le client se synchronisent et ensemble vont vers un \u00e9tat modifi\u00e9 de conscience. Alors que l\u2019hypnotiseur, dans le cadre d\u2019un spectacle, envoie une injonction \u00e0 la personne et en quelque sorte \u00ab\u00a0prend le pouvoir\u00a0\u00bb.<\/span><\/p>\n<p>[\/et_pb_text][\/et_pb_column][et_pb_column type=\u00a0\u00bb3_5&Prime; _builder_version=\u00a0\u00bb4.19.0&Prime; _module_preset=\u00a0\u00bbdefault\u00a0\u00bb global_colors_info=\u00a0\u00bb{}\u00a0\u00bb][et_pb_image src=\u00a0\u00bbhttp:\/\/www.stephanie-arnoult.fr\/wp-content\/uploads\/2022\/12\/Illustration-hypnose.png\u00a0\u00bb title_text=\u00a0\u00bbIllustration hypnose\u00a0\u00bb _builder_version=\u00a0\u00bb4.19.0&Prime; _module_preset=\u00a0\u00bbdefault\u00a0\u00bb global_colors_info=\u00a0\u00bb{}\u00a0\u00bb][\/et_pb_image][\/et_pb_column][\/et_pb_row][\/et_pb_section][et_pb_section fb_built=\u00a0\u00bb1&Prime; _builder_version=\u00a0\u00bb4.19.0&Prime; _module_preset=\u00a0\u00bbdefault\u00a0\u00bb scroll_vertical_motion_enable=\u00a0\u00bbon\u00a0\u00bb scroll_vertical_motion=\u00a0\u00bb0|50|50|100|0.2|0|-0.2&Prime; motion_trigger_start=\u00a0\u00bbtop\u00a0\u00bb da_disable_devices=\u00a0\u00bboff|off|off\u00a0\u00bb global_colors_info=\u00a0\u00bb{}\u00a0\u00bb da_is_popup=\u00a0\u00bboff\u00a0\u00bb da_exit_intent=\u00a0\u00bboff\u00a0\u00bb da_has_close=\u00a0\u00bbon\u00a0\u00bb da_alt_close=\u00a0\u00bboff\u00a0\u00bb da_dark_close=\u00a0\u00bboff\u00a0\u00bb da_not_modal=\u00a0\u00bbon\u00a0\u00bb da_is_singular=\u00a0\u00bboff\u00a0\u00bb da_with_loader=\u00a0\u00bboff\u00a0\u00bb da_has_shadow=\u00a0\u00bbon\u00a0\u00bb][et_pb_row _builder_version=\u00a0\u00bb4.19.0&Prime; _module_preset=\u00a0\u00bbdefault\u00a0\u00bb custom_css_before=\u00a0\u00bbcontent: %22\u201c%22; ||font-family:cursive;||font-size:10rem;||color:#9d4e3d;||position:absolute;\u00a0\u00bb global_colors_info=\u00a0\u00bb{}\u00a0\u00bb][et_pb_column type=\u00a0\u00bb4_4&Prime; _builder_version=\u00a0\u00bb4.19.0&Prime; _module_preset=\u00a0\u00bbdefault\u00a0\u00bb global_colors_info=\u00a0\u00bb{}\u00a0\u00bb][et_pb_text _builder_version=\u00a0\u00bb4.19.0&Prime; _module_preset=\u00a0\u00bbdefault\u00a0\u00bb global_colors_info=\u00a0\u00bb{}\u00a0\u00bb]<\/p>\n<h3 style=\"text-align: center;\"><em><span style=\"font-weight: 400;\">Faites confiance \u00e0 votre inconscient, c\u2019est un immense magasin \u00e0 solutions<\/span><\/em><\/h3>\n<h3 style=\"text-align: center;\">MILTON ERICKSON<\/h3>\n<p>[\/et_pb_text][\/et_pb_column][\/et_pb_row][\/et_pb_section][et_pb_section fb_built=\u00a0\u00bb1&Prime; _builder_version=\u00a0\u00bb4.19.0&Prime; _module_preset=\u00a0\u00bbdefault\u00a0\u00bb background_color=\u00a0\u00bbRGBA(255,255,255,0)\u00a0\u00bb background_image=\u00a0\u00bbhttp:\/\/www.stephanie-arnoult.fr\/wp-content\/uploads\/2022\/11\/Animated-Shape-7.svg\u00a0\u00bb da_disable_devices=\u00a0\u00bboff|off|off\u00a0\u00bb global_colors_info=\u00a0\u00bb{}\u00a0\u00bb custom_padding=\u00a0\u00bb30px||30px|||\u00a0\u00bb da_is_popup=\u00a0\u00bboff\u00a0\u00bb da_exit_intent=\u00a0\u00bboff\u00a0\u00bb da_has_close=\u00a0\u00bbon\u00a0\u00bb da_alt_close=\u00a0\u00bboff\u00a0\u00bb da_dark_close=\u00a0\u00bboff\u00a0\u00bb da_not_modal=\u00a0\u00bbon\u00a0\u00bb da_is_singular=\u00a0\u00bboff\u00a0\u00bb da_with_loader=\u00a0\u00bboff\u00a0\u00bb da_has_shadow=\u00a0\u00bbon\u00a0\u00bb][et_pb_row _builder_version=\u00a0\u00bb4.19.0&Prime; _module_preset=\u00a0\u00bbdefault\u00a0\u00bb global_colors_info=\u00a0\u00bb{}\u00a0\u00bb custom_padding=\u00a0\u00bb2px||0px|||\u00a0\u00bb][et_pb_column type=\u00a0\u00bb4_4&Prime; _builder_version=\u00a0\u00bb4.19.0&Prime; _module_preset=\u00a0\u00bbdefault\u00a0\u00bb global_colors_info=\u00a0\u00bb{}\u00a0\u00bb][et_pb_text _builder_version=\u00a0\u00bb4.19.0&Prime; _module_preset=\u00a0\u00bbdefault\u00a0\u00bb hover_enabled=\u00a0\u00bb0&Prime; global_colors_info=\u00a0\u00bb{}\u00a0\u00bb custom_margin=\u00a0\u00bb||2px|||\u00a0\u00bb sticky_enabled=\u00a0\u00bb0&Prime;]<\/p>\n<p><span style=\"font-weight: 400;\">L\u2019hypnose m\u00e9dicale est un <span style=\"color: #9d4e3d;\"><strong>outil<\/strong><\/span>, <span style=\"color: #9d4e3d;\"><strong>efficient<\/strong><\/span>, <span style=\"color: #9d4e3d;\"><strong>doux<\/strong> <\/span>qui permet d\u2019accompagner au changement. L\u2019hypnose th\u00e9rapeutique permet d\u2019utiliser l\u2019h\u00e9misph\u00e8re droit de notre cerveau, le subconscient\/inconscient pour d\u00e9passer nos croyances limitantes et ainsi d\u00e9passer nos freins. Dans le quotidien, nous utilisons, sur-sollicitons l\u2019h\u00e9misph\u00e8re gauche de notre cerveau.<br \/><\/span><\/p>\n<p><span style=\"font-weight: 400;\">Cette partie est tr\u00e8s efficiente, pour rationaliser, analyser, objectiver mais c\u2019est aussi le si\u00e8ge des croyances limitantes comme :<br \/><\/span><span style=\"font-size: 14px;\">\u00ab je ne peux pas parler en public \u00bb \u00ab je ne sais pas dire non \u00bb \u00ab je suis phobique des chiens depuis toujours \u00bb \u00ab je ne sais pas me concentrer sur un livre, de toute mani\u00e8re je n\u2019ai pas de m\u00e9moire \u00bb \u00ab j\u2019ai toujours mang\u00e9 quand je m\u2019ennuie, je ne peux pas faire autrement \u00bb \u00ab j\u2019ai des insomnies depuis que mes enfants sont n\u00e9s \u00bb \u00ab je ne sais pas l\u00e2cher prise, je suis comme ma m\u00e8re \u00bb \u00ab j\u2019ai mon cerveau qui s\u2019arr\u00eate jamais \u00bb, etc.<br \/><\/span><span style=\"font-weight: 400;\">Nous allons solliciter l\u2019h\u00e9misph\u00e8re droit qui est plus cr\u00e9atif, intuitif, innovant pour d\u00e9programmer nos croyances limitantes et ainsi lib\u00e9rer notre potentiel\u00a0<\/span><\/p>\n<p>[\/et_pb_text][\/et_pb_column][\/et_pb_row][et_pb_row _builder_version=\u00a0\u00bb4.19.0&Prime; _module_preset=\u00a0\u00bbdefault\u00a0\u00bb max_width=\u00a0\u00bb1920px\u00a0\u00bb global_colors_info=\u00a0\u00bb{}\u00a0\u00bb custom_padding=\u00a0\u00bb1px|||||\u00a0\u00bb][et_pb_column type=\u00a0\u00bb4_4&Prime; _builder_version=\u00a0\u00bb4.19.0&Prime; _module_preset=\u00a0\u00bbdefault\u00a0\u00bb global_colors_info=\u00a0\u00bb{}\u00a0\u00bb][et_pb_image src=\u00a0\u00bbhttp:\/\/www.stephanie-arnoult.fr\/wp-content\/uploads\/2022\/12\/Stephanie-Arnoult-Cabinet-27_7-copie-Moyenne.jpg\u00a0\u00bb title_text=\u00a0\u00bbStephanie-Arnoult-Cabinet-27_7 copie (Moyenne)\u00a0\u00bb align=\u00a0\u00bbcenter\u00a0\u00bb _builder_version=\u00a0\u00bb4.19.0&Prime; _module_preset=\u00a0\u00bbdefault\u00a0\u00bb animation_style=\u00a0\u00bbfade\u00a0\u00bb animation_duration=\u00a0\u00bb250ms\u00a0\u00bb animation_starting_opacity=\u00a0\u00bb38%\u00a0\u00bb global_colors_info=\u00a0\u00bb{}\u00a0\u00bb custom_margin=\u00a0\u00bb||0px|||\u00a0\u00bb][\/et_pb_image][\/et_pb_column][\/et_pb_row][et_pb_row _builder_version=\u00a0\u00bb4.19.0&Prime; _module_preset=\u00a0\u00bbdefault\u00a0\u00bb global_colors_info=\u00a0\u00bb{}\u00a0\u00bb custom_margin=\u00a0\u00bb0px|auto|-3px|auto||\u00a0\u00bb custom_padding=\u00a0\u00bb1px|||||\u00a0\u00bb][et_pb_column type=\u00a0\u00bb4_4&Prime; _builder_version=\u00a0\u00bb4.19.0&Prime; _module_preset=\u00a0\u00bbdefault\u00a0\u00bb global_colors_info=\u00a0\u00bb{}\u00a0\u00bb][et_pb_text _builder_version=\u00a0\u00bb4.19.0&Prime; _module_preset=\u00a0\u00bbdefault\u00a0\u00bb global_colors_info=\u00a0\u00bb{}\u00a0\u00bb]<\/p>\n<p><span style=\"font-weight: 400;\">Il existe d\u2019autres techniques qui sollicitent l\u2019h\u00e9misph\u00e8re droit du cerveau comme <span style=\"color: #9d4e3d;\"><strong>la m\u00e9ditation<\/strong><\/span> ou encore <strong><span style=\"color: #9d4e3d;\">la sophrologie<\/span><\/strong> par exemple.<\/span><\/p>\n<p><span style=\"font-weight: 400;\">Je pratique l\u2019hypnose m\u00e9dicale aupr\u00e8s de l\u2019ensemble de ma patient\u00e8le d\u00e8s qu\u2019elle en exprime le d\u00e9sir<\/span><span style=\"font-weight: 400;\">. En revanche, je ne r\u00e9aliserai pas d\u2019hypnose aupr\u00e8s de patients souffrants de certains troubles psychiatriques ou encore des personnes souffrants d\u2019\u00e9pilepsie par exemple. Si un patient est suivi par un psychiatre, nous veillerons \u00e0 l\u2019associer dans la d\u00e9marche, avant de mener une s\u00e9ance d\u2019hypnose.<\/span><\/p>\n<p><span style=\"font-weight: 400;\">Une s\u00e9ance d\u2019hypnose dure <span style=\"color: #9d4e3d;\"><strong>une heure<\/strong><\/span>. Les 20 premi\u00e8res minutes nous travaillons \u00e0 d\u00e9finir le sujet de l\u2019hypnose en faisant un lien avec une approche plus psychologique afin de vous permettre de travailler \u00e0 am\u00e9liorer un sujet qui vous tient \u00e0 c\u0153ur. Ensuite, vous prenez place dans un fauteuil, je cr\u00e9e une ambiance cocooning (lumi\u00e8re tamis\u00e9e, bruits blancs). Puis, nous r\u00e9alisons la s\u00e9ance d\u2019hypnose comme <span style=\"color: #9d4e3d;\"><strong>une exp\u00e9rience<\/strong><\/span> ou <strong><span style=\"color: #9d4e3d;\">un voyage<\/span><\/strong> que nous menons ensemble. Dans un premier temps, il y a une phase de relaxation et d\u2019approfondissement qui a pour fonction de ralentir vos ondes c\u00e9r\u00e9brales et ainsi faire \u00e9merger le subconscient. Puis dans un second temps, le plateau th\u00e9rapeutique sur lequel nous travaillons le sujet que nous avons d\u00e9fini ensemble. Puis dans un troisi\u00e8me temps, la phase de r\u00e9veil.<\/span><\/p>\n<p>[\/et_pb_text][et_pb_text _builder_version=\u00a0\u00bb4.19.0&Prime; _module_preset=\u00a0\u00bbdefault\u00a0\u00bb hover_enabled=\u00a0\u00bb0&Prime; global_colors_info=\u00a0\u00bb{}\u00a0\u00bb theme_builder_area=\u00a0\u00bbpost_content\u00a0\u00bb sticky_enabled=\u00a0\u00bb0&Prime;]<\/p>\n<p><span class=\"item\">Burn-out<\/span> <span class=\"item\">\u00c9tat d\u00e9pressif<\/span> <span class=\"item\">Trouble anxieux<\/span> <span class=\"item\">Phobies<\/span>\u00a0<span class=\"item\">Addiction<\/span> <span class=\"item\">Troubles du sommeil<\/span> <span class=\"item\">Gestion des \u00e9motions comme la col\u00e8re<\/span>\u00a0<span class=\"item\">Confiance en soi<\/span>\u00a0<span class=\"item\">Concentration<\/span> <span class=\"item\">Discipline<\/span>\u00a0<span class=\"item\">R\u00e9ussite<\/span> <span class=\"item\">Comp\u00e9tition<\/span> <span class=\"item\">Affirmation de soi<\/span> <span class=\"item\">Communication<\/span> <span class=\"item\">D\u00e9passer des traumatismes<\/span> <span class=\"item\">D\u00e9pendance\/Relation toxique<\/span>\u00a0<span class=\"item\">\u00c9nergie<\/span>\u00a0<span class=\"item\">Pr\u00e9paration \u00e0 une op\u00e9ration<\/span>\u00a0<span class=\"item\">Gestion du deuil<\/span>\u00a0<span class=\"item\">Accompagnement d&rsquo;un.e malade<\/span>\u00a0<span class=\"item\">Reprendre confiance en ses capacit\u00e9s de conducteur<\/span><\/p>\n<p>[\/et_pb_text][\/et_pb_column][\/et_pb_row][\/et_pb_section]<\/p>\n","protected":false},"excerpt":{"rendered":"<p>L&rsquo;hypnose dite \u00ab\u00a0Eriksonnienne\u00a0\u00bb, l&rsquo;hypnose m\u00e9dicale, l&rsquo;hypnose th\u00e9rapeutique Vous \u00eates l\u2019acteur de votre gu\u00e9rison, de votre mieux \u00eatre, de votre changement. L\u2019hypnose m\u00e9dicale n\u2019a rien \u00e0 voir avec l\u2019hypnose de spectacle que l\u2019on peut d\u00e9couvrir \u00e0 la t\u00e9l\u00e9vision. Dans le cadre de l\u2019hypnose m\u00e9dicale, l\u2019hypnoth\u00e9rapeute et le client se synchronisent et ensemble vont vers un \u00e9tat [&hellip;]<\/p>\n","protected":false},"author":2,"featured_media":0,"parent":0,"menu_order":0,"comment_status":"closed","ping_status":"closed","template":"","meta":{"_et_pb_use_builder":"on","_et_pb_old_content":"","_et_gb_content_width":"","inline_featured_image":false,"footnotes":""},"class_list":["post-345","page","type-page","status-publish","hentry"],"yoast_head":"<!-- This site is optimized with the Yoast SEO plugin v27.3 - https:\/\/yoast.com\/product\/yoast-seo-wordpress\/ -->\n<title>Hypnoth\u00e9rapie - St\u00e9phanie Arnoult<\/title>\n<meta name=\"robots\" content=\"index, follow, max-snippet:-1, max-image-preview:large, max-video-preview:-1\" \/>\n<link rel=\"canonical\" href=\"http:\/\/www.stephanie-arnoult.fr\/index.php\/hypnotherapie\/\" \/>\n<meta property=\"og:locale\" content=\"fr_FR\" \/>\n<meta property=\"og:type\" content=\"article\" \/>\n<meta property=\"og:title\" content=\"Hypnoth\u00e9rapie - St\u00e9phanie Arnoult\" \/>\n<meta property=\"og:description\" content=\"L&#039;hypnose dite &quot;Eriksonnienne&quot;, l&#039;hypnose m\u00e9dicale, l&#039;hypnose th\u00e9rapeutique Vous \u00eates l\u2019acteur de votre gu\u00e9rison, de votre mieux \u00eatre, de votre changement. L\u2019hypnose m\u00e9dicale n\u2019a rien \u00e0 voir avec l\u2019hypnose de spectacle que l\u2019on peut d\u00e9couvrir \u00e0 la t\u00e9l\u00e9vision. Dans le cadre de l\u2019hypnose m\u00e9dicale, l\u2019hypnoth\u00e9rapeute et le client se synchronisent et ensemble vont vers un \u00e9tat [&hellip;]\" \/>\n<meta property=\"og:url\" content=\"http:\/\/www.stephanie-arnoult.fr\/index.php\/hypnotherapie\/\" \/>\n<meta property=\"og:site_name\" content=\"St\u00e9phanie Arnoult\" \/>\n<meta property=\"article:modified_time\" content=\"2023-01-03T15:48:10+00:00\" \/>\n<meta name=\"twitter:card\" content=\"summary_large_image\" \/>\n<meta name=\"twitter:label1\" content=\"Dur\u00e9e de lecture estim\u00e9e\" \/>\n\t<meta name=\"twitter:data1\" content=\"6 minutes\" \/>\n<script type=\"application\/ld+json\" class=\"yoast-schema-graph\">{\"@context\":\"https:\\\/\\\/schema.org\",\"@graph\":[{\"@type\":\"WebPage\",\"@id\":\"http:\\\/\\\/www.stephanie-arnoult.fr\\\/index.php\\\/hypnotherapie\\\/\",\"url\":\"http:\\\/\\\/www.stephanie-arnoult.fr\\\/index.php\\\/hypnotherapie\\\/\",\"name\":\"Hypnoth\u00e9rapie - St\u00e9phanie Arnoult\",\"isPartOf\":{\"@id\":\"https:\\\/\\\/www.stephanie-arnoult.fr\\\/#website\"},\"datePublished\":\"2022-12-05T17:19:33+00:00\",\"dateModified\":\"2023-01-03T15:48:10+00:00\",\"breadcrumb\":{\"@id\":\"http:\\\/\\\/www.stephanie-arnoult.fr\\\/index.php\\\/hypnotherapie\\\/#breadcrumb\"},\"inLanguage\":\"fr-FR\",\"potentialAction\":[{\"@type\":\"ReadAction\",\"target\":[\"http:\\\/\\\/www.stephanie-arnoult.fr\\\/index.php\\\/hypnotherapie\\\/\"]}]},{\"@type\":\"BreadcrumbList\",\"@id\":\"http:\\\/\\\/www.stephanie-arnoult.fr\\\/index.php\\\/hypnotherapie\\\/#breadcrumb\",\"itemListElement\":[{\"@type\":\"ListItem\",\"position\":1,\"name\":\"Accueil\",\"item\":\"https:\\\/\\\/www.stephanie-arnoult.fr\\\/\"},{\"@type\":\"ListItem\",\"position\":2,\"name\":\"Hypnoth\u00e9rapie\"}]},{\"@type\":\"WebSite\",\"@id\":\"https:\\\/\\\/www.stephanie-arnoult.fr\\\/#website\",\"url\":\"https:\\\/\\\/www.stephanie-arnoult.fr\\\/\",\"name\":\"St\u00e9phanie Arnoult\",\"description\":\"Psychologue - Hypnoth\u00e9rapeute - Sexoth\u00e9rapeute\",\"publisher\":{\"@id\":\"https:\\\/\\\/www.stephanie-arnoult.fr\\\/#organization\"},\"potentialAction\":[{\"@type\":\"SearchAction\",\"target\":{\"@type\":\"EntryPoint\",\"urlTemplate\":\"https:\\\/\\\/www.stephanie-arnoult.fr\\\/?s={search_term_string}\"},\"query-input\":{\"@type\":\"PropertyValueSpecification\",\"valueRequired\":true,\"valueName\":\"search_term_string\"}}],\"inLanguage\":\"fr-FR\"},{\"@type\":\"Organization\",\"@id\":\"https:\\\/\\\/www.stephanie-arnoult.fr\\\/#organization\",\"name\":\"St\u00e9phanie Arnoult\",\"url\":\"https:\\\/\\\/www.stephanie-arnoult.fr\\\/\",\"logo\":{\"@type\":\"ImageObject\",\"inLanguage\":\"fr-FR\",\"@id\":\"https:\\\/\\\/www.stephanie-arnoult.fr\\\/#\\\/schema\\\/logo\\\/image\\\/\",\"url\":\"http:\\\/\\\/www.stephanie-arnoult.fr\\\/wp-content\\\/uploads\\\/2022\\\/11\\\/Logo_Stephanie_Arnoult.png\",\"contentUrl\":\"http:\\\/\\\/www.stephanie-arnoult.fr\\\/wp-content\\\/uploads\\\/2022\\\/11\\\/Logo_Stephanie_Arnoult.png\",\"width\":1634,\"height\":391,\"caption\":\"St\u00e9phanie Arnoult\"},\"image\":{\"@id\":\"https:\\\/\\\/www.stephanie-arnoult.fr\\\/#\\\/schema\\\/logo\\\/image\\\/\"}}]}<\/script>\n<!-- \/ Yoast SEO plugin. -->","yoast_head_json":{"title":"Hypnoth\u00e9rapie - St\u00e9phanie Arnoult","robots":{"index":"index","follow":"follow","max-snippet":"max-snippet:-1","max-image-preview":"max-image-preview:large","max-video-preview":"max-video-preview:-1"},"canonical":"http:\/\/www.stephanie-arnoult.fr\/index.php\/hypnotherapie\/","og_locale":"fr_FR","og_type":"article","og_title":"Hypnoth\u00e9rapie - St\u00e9phanie Arnoult","og_description":"L'hypnose dite \"Eriksonnienne\", l'hypnose m\u00e9dicale, l'hypnose th\u00e9rapeutique Vous \u00eates l\u2019acteur de votre gu\u00e9rison, de votre mieux \u00eatre, de votre changement. L\u2019hypnose m\u00e9dicale n\u2019a rien \u00e0 voir avec l\u2019hypnose de spectacle que l\u2019on peut d\u00e9couvrir \u00e0 la t\u00e9l\u00e9vision. Dans le cadre de l\u2019hypnose m\u00e9dicale, l\u2019hypnoth\u00e9rapeute et le client se synchronisent et ensemble vont vers un \u00e9tat [&hellip;]","og_url":"http:\/\/www.stephanie-arnoult.fr\/index.php\/hypnotherapie\/","og_site_name":"St\u00e9phanie Arnoult","article_modified_time":"2023-01-03T15:48:10+00:00","twitter_card":"summary_large_image","twitter_misc":{"Dur\u00e9e de lecture estim\u00e9e":"6 minutes"},"schema":{"@context":"https:\/\/schema.org","@graph":[{"@type":"WebPage","@id":"http:\/\/www.stephanie-arnoult.fr\/index.php\/hypnotherapie\/","url":"http:\/\/www.stephanie-arnoult.fr\/index.php\/hypnotherapie\/","name":"Hypnoth\u00e9rapie - St\u00e9phanie Arnoult","isPartOf":{"@id":"https:\/\/www.stephanie-arnoult.fr\/#website"},"datePublished":"2022-12-05T17:19:33+00:00","dateModified":"2023-01-03T15:48:10+00:00","breadcrumb":{"@id":"http:\/\/www.stephanie-arnoult.fr\/index.php\/hypnotherapie\/#breadcrumb"},"inLanguage":"fr-FR","potentialAction":[{"@type":"ReadAction","target":["http:\/\/www.stephanie-arnoult.fr\/index.php\/hypnotherapie\/"]}]},{"@type":"BreadcrumbList","@id":"http:\/\/www.stephanie-arnoult.fr\/index.php\/hypnotherapie\/#breadcrumb","itemListElement":[{"@type":"ListItem","position":1,"name":"Accueil","item":"https:\/\/www.stephanie-arnoult.fr\/"},{"@type":"ListItem","position":2,"name":"Hypnoth\u00e9rapie"}]},{"@type":"WebSite","@id":"https:\/\/www.stephanie-arnoult.fr\/#website","url":"https:\/\/www.stephanie-arnoult.fr\/","name":"St\u00e9phanie Arnoult","description":"Psychologue - Hypnoth\u00e9rapeute - Sexoth\u00e9rapeute","publisher":{"@id":"https:\/\/www.stephanie-arnoult.fr\/#organization"},"potentialAction":[{"@type":"SearchAction","target":{"@type":"EntryPoint","urlTemplate":"https:\/\/www.stephanie-arnoult.fr\/?s={search_term_string}"},"query-input":{"@type":"PropertyValueSpecification","valueRequired":true,"valueName":"search_term_string"}}],"inLanguage":"fr-FR"},{"@type":"Organization","@id":"https:\/\/www.stephanie-arnoult.fr\/#organization","name":"St\u00e9phanie Arnoult","url":"https:\/\/www.stephanie-arnoult.fr\/","logo":{"@type":"ImageObject","inLanguage":"fr-FR","@id":"https:\/\/www.stephanie-arnoult.fr\/#\/schema\/logo\/image\/","url":"http:\/\/www.stephanie-arnoult.fr\/wp-content\/uploads\/2022\/11\/Logo_Stephanie_Arnoult.png","contentUrl":"http:\/\/www.stephanie-arnoult.fr\/wp-content\/uploads\/2022\/11\/Logo_Stephanie_Arnoult.png","width":1634,"height":391,"caption":"St\u00e9phanie Arnoult"},"image":{"@id":"https:\/\/www.stephanie-arnoult.fr\/#\/schema\/logo\/image\/"}}]}},"_links":{"self":[{"href":"https:\/\/www.stephanie-arnoult.fr\/index.php\/wp-json\/wp\/v2\/pages\/345","targetHints":{"allow":["GET"]}}],"collection":[{"href":"https:\/\/www.stephanie-arnoult.fr\/index.php\/wp-json\/wp\/v2\/pages"}],"about":[{"href":"https:\/\/www.stephanie-arnoult.fr\/index.php\/wp-json\/wp\/v2\/types\/page"}],"author":[{"embeddable":true,"href":"https:\/\/www.stephanie-arnoult.fr\/index.php\/wp-json\/wp\/v2\/users\/2"}],"replies":[{"embeddable":true,"href":"https:\/\/www.stephanie-arnoult.fr\/index.php\/wp-json\/wp\/v2\/comments?post=345"}],"version-history":[{"count":11,"href":"https:\/\/www.stephanie-arnoult.fr\/index.php\/wp-json\/wp\/v2\/pages\/345\/revisions"}],"predecessor-version":[{"id":438,"href":"https:\/\/www.stephanie-arnoult.fr\/index.php\/wp-json\/wp\/v2\/pages\/345\/revisions\/438"}],"wp:attachment":[{"href":"https:\/\/www.stephanie-arnoult.fr\/index.php\/wp-json\/wp\/v2\/media?parent=345"}],"curies":[{"name":"wp","href":"https:\/\/api.w.org\/{rel}","templated":true}]}}